{"id":51,"date":"2014-07-06T20:10:45","date_gmt":"2014-07-06T20:10:45","guid":{"rendered":"http:\/\/artblobs.com\/?page_id=51"},"modified":"2018-05-27T20:55:00","modified_gmt":"2018-05-27T18:55:00","slug":"create-art","status":"publish","type":"page","link":"https:\/\/artblobs.com\/it\/create-art\/","title":{"rendered":"Create ARt!"},"content":{"rendered":"<p><\/p>\n<p style=\"text-align: justify;\">La sezione \u201cCreate ARt\u201d \u00e8 stata pensata perch\u00e9 credo che il piacere pi\u00f9 grande stia nella creazione di un qualcosa che ancora non esiste. Il grande Delacroix, pittore romantico francese, ci insegna che \u201cCi\u00f2 che distingue gli uomini di genio e le loro opere non \u00e8 la novit\u00e0 delle idee ma l\u2019idea, da cui sono posseduti, che di quel che \u00e8 stato detto non \u00e8 stato ancora detto abbastanza\u201d. Ogni cosa pu\u00f2 essere realizzata in mille modi diversi, quindi a voi l\u2019opportunit\u00e0 di creare sempre nuove opere d\u2019arte!<\/p>\n<p>[pt_view id=&#8221;5d1995c8e1&#8243;]<\/p>\n<p><\/p>","protected":false},"excerpt":{"rendered":"<p>La sezione \u201cCreate ARt\u201d \u00e8 stata pensata perch\u00e9 credo che il piacere pi\u00f9 grande stia nella creazione di un qualcosa che ancora non esiste. Il grande Delacroix, pittore romantico francese, ci insegna che \u201cCi\u00f2 che distingue gli uomini di genio e le loro opere non \u00e8 la novit\u00e0 delle idee <a href=\"https:\/\/artblobs.com\/it\/create-art\/\" class=\"btn-link\">Continua a leggere<i class=\"ion-ios-arrow-right\"><\/i><\/a><\/p>\n","protected":false},"author":1,"featured_media":0,"parent":0,"menu_order":1,"comment_status":"open","ping_status":"open","template":"","meta":{"footnotes":""},"class_list":["post-51","page","type-page","status-publish","hentry"],"yoast_head":"<!-- This site is optimized with the Yoast SEO plugin v20.11 - https:\/\/yoast.com\/wordpress\/plugins\/seo\/ -->\n<title>Create ARt! - ARt blobs<\/title>\n<meta name=\"robots\" content=\"index, follow, max-snippet:-1, max-image-preview:large, max-video-preview:-1\" \/>\n<link rel=\"canonical\" href=\"https:\/\/artblobs.com\/it\/create-art\/\" \/>\n<meta property=\"og:locale\" content=\"it_IT\" \/>\n<meta property=\"og:type\" content=\"article\" \/>\n<meta property=\"og:title\" content=\"Create ARt! - ARt blobs\" \/>\n<meta property=\"og:description\" content=\"La sezione \u201cCreate ARt\u201d \u00e8 stata pensata perch\u00e9 credo che il piacere pi\u00f9 grande stia nella creazione di un qualcosa che ancora non esiste. Il grande Delacroix, pittore romantico francese, ci insegna che \u201cCi\u00f2 che distingue gli uomini di genio e le loro opere non \u00e8 la novit\u00e0 delle idee Continua a leggere\" \/>\n<meta property=\"og:url\" content=\"https:\/\/artblobs.com\/it\/create-art\/\" \/>\n<meta property=\"og:site_name\" content=\"ARt blobs\" \/>\n<meta property=\"article:modified_time\" content=\"2018-05-27T18:55:00+00:00\" \/>\n<meta name=\"twitter:card\" content=\"summary_large_image\" \/>\n<meta name=\"twitter:label1\" content=\"Tempo di lettura stimato\" \/>\n\t<meta name=\"twitter:data1\" content=\"1 minuto\" \/>\n<script type=\"application\/ld+json\" class=\"yoast-schema-graph\">{\"@context\":\"https:\/\/schema.org\",\"@graph\":[{\"@type\":\"WebPage\",\"@id\":\"https:\/\/artblobs.com\/it\/create-art\/\",\"url\":\"https:\/\/artblobs.com\/it\/create-art\/\",\"name\":\"Create ARt! - ARt blobs\",\"isPartOf\":{\"@id\":\"https:\/\/artblobs.com\/en\/#website\"},\"datePublished\":\"2014-07-06T20:10:45+00:00\",\"dateModified\":\"2018-05-27T18:55:00+00:00\",\"breadcrumb\":{\"@id\":\"https:\/\/artblobs.com\/it\/create-art\/#breadcrumb\"},\"inLanguage\":\"it-IT\",\"potentialAction\":[{\"@type\":\"ReadAction\",\"target\":[\"https:\/\/artblobs.com\/it\/create-art\/\"]}]},{\"@type\":\"BreadcrumbList\",\"@id\":\"https:\/\/artblobs.com\/it\/create-art\/#breadcrumb\",\"itemListElement\":[{\"@type\":\"ListItem\",\"position\":1,\"name\":\"Home\",\"item\":\"https:\/\/artblobs.com\/en\/\"},{\"@type\":\"ListItem\",\"position\":2,\"name\":\"Create ARt!\"}]},{\"@type\":\"WebSite\",\"@id\":\"https:\/\/artblobs.com\/en\/#website\",\"url\":\"https:\/\/artblobs.com\/en\/\",\"name\":\"ARt blobs\",\"description\":\"\",\"publisher\":{\"@id\":\"https:\/\/artblobs.com\/en\/#\/schema\/person\/edba8ae3089048bdaa79e08f68bb4dbc\"},\"potentialAction\":[{\"@type\":\"SearchAction\",\"target\":{\"@type\":\"EntryPoint\",\"urlTemplate\":\"https:\/\/artblobs.com\/en\/?s={search_term_string}\"},\"query-input\":\"required name=search_term_string\"}],\"inLanguage\":\"it-IT\"},{\"@type\":[\"Person\",\"Organization\"],\"@id\":\"https:\/\/artblobs.com\/en\/#\/schema\/person\/edba8ae3089048bdaa79e08f68bb4dbc\",\"name\":\"Anna Mattedi\",\"image\":{\"@type\":\"ImageObject\",\"inLanguage\":\"it-IT\",\"@id\":\"https:\/\/artblobs.com\/en\/#\/schema\/person\/image\/\",\"url\":\"https:\/\/artblobs.com\/wp-content\/uploads\/2018\/05\/cropped-logo-big-1.png\",\"contentUrl\":\"https:\/\/artblobs.com\/wp-content\/uploads\/2018\/05\/cropped-logo-big-1.png\",\"width\":250,\"height\":218,\"caption\":\"Anna Mattedi\"},\"logo\":{\"@id\":\"https:\/\/artblobs.com\/en\/#\/schema\/person\/image\/\"},\"sameAs\":[\"https:\/\/artblobs.com\/chi-sono\"]}]}<\/script>\n<!-- \/ Yoast SEO plugin. -->","yoast_head_json":{"title":"Create ARt! - ARt blobs","robots":{"index":"index","follow":"follow","max-snippet":"max-snippet:-1","max-image-preview":"max-image-preview:large","max-video-preview":"max-video-preview:-1"},"canonical":"https:\/\/artblobs.com\/it\/create-art\/","og_locale":"it_IT","og_type":"article","og_title":"Create ARt! - ARt blobs","og_description":"La sezione \u201cCreate ARt\u201d \u00e8 stata pensata perch\u00e9 credo che il piacere pi\u00f9 grande stia nella creazione di un qualcosa che ancora non esiste. Il grande Delacroix, pittore romantico francese, ci insegna che \u201cCi\u00f2 che distingue gli uomini di genio e le loro opere non \u00e8 la novit\u00e0 delle idee Continua a leggere","og_url":"https:\/\/artblobs.com\/it\/create-art\/","og_site_name":"ARt blobs","article_modified_time":"2018-05-27T18:55:00+00:00","twitter_card":"summary_large_image","twitter_misc":{"Tempo di lettura stimato":"1 minuto"},"schema":{"@context":"https:\/\/schema.org","@graph":[{"@type":"WebPage","@id":"https:\/\/artblobs.com\/it\/create-art\/","url":"https:\/\/artblobs.com\/it\/create-art\/","name":"Create ARt! - ARt blobs","isPartOf":{"@id":"https:\/\/artblobs.com\/en\/#website"},"datePublished":"2014-07-06T20:10:45+00:00","dateModified":"2018-05-27T18:55:00+00:00","breadcrumb":{"@id":"https:\/\/artblobs.com\/it\/create-art\/#breadcrumb"},"inLanguage":"it-IT","potentialAction":[{"@type":"ReadAction","target":["https:\/\/artblobs.com\/it\/create-art\/"]}]},{"@type":"BreadcrumbList","@id":"https:\/\/artblobs.com\/it\/create-art\/#breadcrumb","itemListElement":[{"@type":"ListItem","position":1,"name":"Home","item":"https:\/\/artblobs.com\/en\/"},{"@type":"ListItem","position":2,"name":"Create ARt!"}]},{"@type":"WebSite","@id":"https:\/\/artblobs.com\/en\/#website","url":"https:\/\/artblobs.com\/en\/","name":"ARt blobs","description":"","publisher":{"@id":"https:\/\/artblobs.com\/en\/#\/schema\/person\/edba8ae3089048bdaa79e08f68bb4dbc"},"potentialAction":[{"@type":"SearchAction","target":{"@type":"EntryPoint","urlTemplate":"https:\/\/artblobs.com\/en\/?s={search_term_string}"},"query-input":"required name=search_term_string"}],"inLanguage":"it-IT"},{"@type":["Person","Organization"],"@id":"https:\/\/artblobs.com\/en\/#\/schema\/person\/edba8ae3089048bdaa79e08f68bb4dbc","name":"Anna Mattedi","image":{"@type":"ImageObject","inLanguage":"it-IT","@id":"https:\/\/artblobs.com\/en\/#\/schema\/person\/image\/","url":"https:\/\/artblobs.com\/wp-content\/uploads\/2018\/05\/cropped-logo-big-1.png","contentUrl":"https:\/\/artblobs.com\/wp-content\/uploads\/2018\/05\/cropped-logo-big-1.png","width":250,"height":218,"caption":"Anna Mattedi"},"logo":{"@id":"https:\/\/artblobs.com\/en\/#\/schema\/person\/image\/"},"sameAs":["https:\/\/artblobs.com\/chi-sono"]}]}},"_links":{"self":[{"href":"https:\/\/artblobs.com\/it\/wp-json\/wp\/v2\/pages\/51","targetHints":{"allow":["GET"]}}],"collection":[{"href":"https:\/\/artblobs.com\/it\/wp-json\/wp\/v2\/pages"}],"about":[{"href":"https:\/\/artblobs.com\/it\/wp-json\/wp\/v2\/types\/page"}],"author":[{"embeddable":true,"href":"https:\/\/artblobs.com\/it\/wp-json\/wp\/v2\/users\/1"}],"replies":[{"embeddable":true,"href":"https:\/\/artblobs.com\/it\/wp-json\/wp\/v2\/comments?post=51"}],"version-history":[{"count":16,"href":"https:\/\/artblobs.com\/it\/wp-json\/wp\/v2\/pages\/51\/revisions"}],"predecessor-version":[{"id":7207,"href":"https:\/\/artblobs.com\/it\/wp-json\/wp\/v2\/pages\/51\/revisions\/7207"}],"wp:attachment":[{"href":"https:\/\/artblobs.com\/it\/wp-json\/wp\/v2\/media?parent=51"}],"curies":[{"name":"wp","href":"https:\/\/api.w.org\/{rel}","templated":true}]}}